{"id":2037,"date":"2024-12-12T21:16:20","date_gmt":"2024-12-12T20:16:20","guid":{"rendered":"https:\/\/admixtio.com\/politica-de-privacidad\/"},"modified":"2025-06-08T17:55:23","modified_gmt":"2025-06-08T15:55:23","slug":"politica-de-privacidad","status":"publish","type":"page","link":"https:\/\/admixtio.com\/en\/politica-de-privacidad\/","title":{"rendered":"Pol\u00edtica de Privacidad"},"content":{"rendered":"<p>[et_pb_section fb_built=&#8221;1&#8243; _builder_version=&#8221;4.27.4&#8243; _module_preset=&#8221;default&#8221; background_enable_color=&#8221;off&#8221; background_enable_image=&#8221;off&#8221; background_position=&#8221;bottom_center&#8221; custom_padding=&#8221;100px||||false|false&#8221; locked=&#8221;off&#8221; global_colors_info=&#8221;{}&#8221;][et_pb_row make_equal=&#8221;on&#8221; custom_padding_last_edited=&#8221;on|tablet&#8221; _builder_version=&#8221;4.27.4&#8243; _module_preset=&#8221;default&#8221; background_enable_color=&#8221;off&#8221; width=&#8221;90%&#8221; custom_padding=&#8221;80px|60px|0px|60px|false|true&#8221; custom_padding_tablet=&#8221;80px|0px|0px|0px|false|true&#8221; custom_padding_phone=&#8221;80px|0px|0px|0px|false|true&#8221; locked=&#8221;off&#8221; global_colors_info=&#8221;{}&#8221;][et_pb_column type=&#8221;4_4&#8243; _builder_version=&#8221;4.27.4&#8243; _module_preset=&#8221;default&#8221; custom_padding=&#8221;||||false|false&#8221; custom_css_main_element=&#8221;margin: auto;&#8221; global_colors_info=&#8221;{}&#8221;][et_pb_text _builder_version=&#8221;4.27.4&#8243; _module_preset=&#8221;default&#8221; text_text_color=&#8221;#0A0A0A&#8221; text_font_size=&#8221;24px&#8221; header_font=&#8221;|700|||||||&#8221; header_text_color=&#8221;#3B5752&#8243; header_font_size=&#8221;60px&#8221; header_line_height=&#8221;1.2em&#8221; header_2_font=&#8221;|700|||||||&#8221; header_2_text_color=&#8221;#3B5752&#8243; header_2_font_size=&#8221;70px&#8221; header_font_size_tablet=&#8221;40px&#8221; header_font_size_phone=&#8221;30px&#8221; header_font_size_last_edited=&#8221;on|phone&#8221; global_colors_info=&#8221;{}&#8221;]<\/p>\n<h1>Pol\u00edtica de Privacidad<\/h1>\n<p>[\/et_pb_text][\/et_pb_column][\/et_pb_row][et_pb_row custom_padding_last_edited=&#8221;on|tablet&#8221; _builder_version=&#8221;4.27.4&#8243; _module_preset=&#8221;default&#8221; width=&#8221;90%&#8221; custom_padding=&#8221;|60px||60px|false|true&#8221; custom_padding_tablet=&#8221;|0px||0px|false|true&#8221; custom_padding_phone=&#8221;|0px||0px|false|true&#8221; locked=&#8221;off&#8221; global_colors_info=&#8221;{}&#8221;][et_pb_column type=&#8221;4_4&#8243; _builder_version=&#8221;4.27.4&#8243; _module_preset=&#8221;default&#8221; global_colors_info=&#8221;{}&#8221;][et_pb_text _builder_version=&#8221;4.27.4&#8243; _module_preset=&#8221;default&#8221; text_font_size=&#8221;18px&#8221; hover_enabled=&#8221;0&#8243; global_colors_info=&#8221;{}&#8221; sticky_enabled=&#8221;0&#8243;]<\/p>\n<h2><strong>POL\u00cdTICA DE PRIVACIDAD\u00a0<\/strong><\/h2>\n<p>En cumplimiento del REGLAMENTO (UE) 2016\/679 DEL PARLAMENTO EUROPEO Y DEL CONSEJO de 27 de Abril de 2016, relativo a la protecci\u00f3n de las personas f\u00edsicas en lo que respecta al tratamiento de datos personales y a la libre circulaci\u00f3n de estos datos y a Ley Org\u00e1nica 3\/2018, de 5 de diciembre, de Protecci\u00f3n de Datos Personales y garant\u00eda de los derechos digitales, se le informa que los datos personales proporcionados por usted a trav\u00e9s del sitio web jornadasanuales.ced.org.es\/ (en adelante el sitio web), ser\u00e1n tratados en los siguientes t\u00e9rminos:<\/p>\n<h2><strong>Responsable del tratamiento\u00a0<\/strong><\/h2>\n<p>Los datos personales recabados a trav\u00e9s de este sitio web ser\u00e1n tratados por MAR\u00cdA MINGUET BONVEH\u00cd (ADMIXTIO), con domicilio para el ejercicio de derechos en C\/ Sant Hip\u00f2lit 5 \u2013 17400 Breda (Girona) \u2013 SPAIN E-mail: <a href=\"mailto:info@admixtio.com\">info@admixtio.com<\/a><\/p>\n<h2><strong>Finalidades del tratamiento\u00a0<\/strong><\/h2>\n<p>Informarle acerca de nuestros productos y servicios, cuando as\u00ed lo solicite a trav\u00e9s de los formularios del sitio web o por correo electr\u00f3nico.<\/p>\n<p>Dar contestaci\u00f3n y gestionar sus consultas, comentarios y sugerencias, en su caso. Gestionar su participaci\u00f3n en presentes y futuros procesos de selecci\u00f3n, cuando nos haga llegar sus datos (incluido su curr\u00edculo) con dicha finalidad.<\/p>\n<h2><strong>Legitimaci\u00f3n\u00a0<\/strong><\/h2>\n<p>Consentimiento. Los datos personales obtenidos a trav\u00e9s de los formularios del sitio web ser\u00e1n tratados \u00fanicamente en base al consentimiento otorgado por el interesado, a trav\u00e9s de la aceptaci\u00f3n de la casilla dispuesta para tal fin. Este consentimiento puede ser retirado en cualquier momento.<\/p>\n<p>Inter\u00e9s leg\u00edtimo del responsable. La informaci\u00f3n estad\u00edstica obtenida del sitio web ser\u00e1 tratada en base al inter\u00e9s leg\u00edtimo del responsable. Esta informaci\u00f3n no permite identificar al usuario.\u00a0<strong>Destinatarios\u00a0<\/strong><\/p>\n<p>Los datos personales obtenidos a trav\u00e9s del sitio web no ser\u00e1n comunicados a terceros, salvo obligaci\u00f3n legal.<\/p>\n<h2><strong>Conservaci\u00f3n\u00a0<\/strong><\/h2>\n<p>Los datos personales facilitados por el usuario para recibir comunicaciones comerciales, ser\u00e1n conservados mientras el interesado no solicite su supresi\u00f3n o retire su consentimiento.<\/p>\n<p>Cuando el usuario env\u00ede sus datos personales para participar en procesos de selecci\u00f3n del RESPONSABLE, los datos ser\u00e1n tratados para participar en presentes procesos de selecci\u00f3n, y si no fuera seleccionado, se conservar\u00e1n sus datos personales durante un periodo de dos a\u00f1os con el fin de poder contar con su participaci\u00f3n en futuros procesos.<\/p>\n<p>Cuando el usuario env\u00ede sus datos para contactar con el RESPONSABLE, realizar consultas o sugerencias, los datos se conservar\u00e1n mientras sea necesario para tal fin y puedan derivarse responsabilidades del tratamiento.<\/p>\n<p>Datos de tr\u00e1fico, estad\u00edsticos y visitas web: los datos ser\u00e1n conservados durante el plazo de tres a\u00f1os.<\/p>\n<h2><strong>Derechos\u00a0<\/strong><\/h2>\n<p>Puede ejercer sus derechos de acceso, rectificaci\u00f3n, supresi\u00f3n y portabilidad de sus datos, de limitaci\u00f3n y oposici\u00f3n a su tratamiento, mediante escrito dirigido a MAR\u00cdA MINGUET BONVEH\u00cd (ADMIXTIO), con domicilio en C\/ Sant Hip\u00f2lit 5 \u2013 17400 Breda (Girona) \u2013 SPAIN E-mail: info@admixtio.com<\/p>\n<p>En caso de disconformidad con el tratamiento, tambi\u00e9n tiene derecho a presentar una reclamaci\u00f3n ante la Agencia Espa\u00f1ola de Protecci\u00f3n de Datos www.aepd.es).<\/p>\n<h2><strong>Pol\u00edtica de protecci\u00f3n de menores\u00a0<\/strong><\/h2>\n<p>Quien facilita los datos a trav\u00e9s de los formularios de esta Web y acepta su tratamiento declara formalmente ser mayor de 14 a\u00f1os.<\/p>\n<p>Queda prohibido el acceso y uso del portal a los menores de 14 a\u00f1os de edad.<\/p>\n<p>El RESPONSABLE recuerda a las personas mayores de edad que tengan a su cargo menores, que ser\u00e1 de su exclusiva responsabilidad si alg\u00fan menor incorpora sus datos para solicitar alg\u00fan producto.<\/p>\n<p>Tambi\u00e9n les informa que existen programas inform\u00e1ticos para acotar la navegaci\u00f3n mediante el filtro o bloqueo a determinados contenidos.<\/p>\n<h2><strong>Uso de las cookies en el sitio web\u00a0<\/strong><\/h2>\n<p>Esta Web utiliza exclusivamente \u201ccookies\u201d de uso interno imprescindibles para la prestaci\u00f3n de los servicios solicitados por los usuarios y necesarias para la navegaci\u00f3n.<\/p>\n<p>Las \u201ccookies\u201d que puede utilizar este sitio Web son peque\u00f1as cantidades de informaci\u00f3n que se almacenan en el ordenador con el \u00fanico fin de gestionar la autenticaci\u00f3n de los usuarios, la prestaci\u00f3n de los servicios solicitados y efectuar la transmisi\u00f3n de comunicaciones por la Red, de acuerdo con lo establecido en el art\u00edculo 22 de la Ley 34\/2002 de Servicios de la Sociedad de la Informaci\u00f3n (LSSI).<\/p>\n<p>El usuario tiene la posibilidad de impedir la instalaci\u00f3n de \u201ccookies\u201d en su disco duro, configurar su navegador para ser informado antes de que las \u201ccookies\u201d se almacenen en su ordenador o para eliminar las que se hayan instalado. El usuario puede configurar su navegador para especificar las \u201ccookies\u201d que pueden ser aceptadas y las que no, puede tambi\u00e9n aceptar \u201ccookies\u201d de sesi\u00f3n, de forma que se eliminen cuando se cierre el navegador y puede, en cualquier momento, ver y borrar las \u201ccookies\u201d individualmente.<\/p>\n<p>Aunque le advertimos que el hecho de no aceptar las \u201ccookies\u201d de nuestro sitio Web podr\u00e1 suponer la imposibilidad o una importante limitaci\u00f3n para que podamos prestarle nuestros servicios.<\/p>\n<p>Por favor, consulte las instrucciones y manuales de su navegador si quiere ampliar la informaci\u00f3n sobre la gesti\u00f3n de las \u201ccookies\u201d.<\/p>\n<p><strong>Tratamiento derivado del uso de las redes sociales\u00a0<\/strong><\/p>\n<p>Al seguir nuestro perfil en las redes sociales consiente expresamente el tratamiento de sus datos personales conforme a la pol\u00edtica de privacidad de la correspondiente red social. Igualmente, consiente expresamente el acceso del RESPONSABLE al tratamiento de sus datos contenidos en su perfil y que las noticias publicadas sobre cualquier producto del RESPONSABLE aparezcan en su muro. Su petici\u00f3n para conectar, implica necesariamente su consentimiento para los tratamientos se\u00f1alados, siendo esta la base legal del tratamiento. Los datos se conservar\u00e1n mientras el interesado no solicite su oposici\u00f3n o retire su consentimiento, pudiendo retirar este en cualquier momento.<\/p>\n<p>La publicaci\u00f3n de comentarios y contenidos en las redes sociales se convertir\u00e1n en informaci\u00f3n p\u00fablica, por lo que los usuarios deber\u00e1n tener especial cautela cuando decidan compartir su informaci\u00f3n personal. El RESPONSABLE no se hace responsable por la informaci\u00f3n que los usuarios incorporen en la p\u00e1gina. No obstante, las personas cuyos datos personales se encuentren publicados o est\u00e9n incluidos en comentarios, podr\u00e1n solicitar al RESPONSABLE la cancelaci\u00f3n de los mismos.<\/p>\n<p>[\/et_pb_text][\/et_pb_column][\/et_pb_row][\/et_pb_section]<\/p>\n","protected":false},"excerpt":{"rendered":"<p>Pol\u00edtica de PrivacidadPOL\u00cdTICA DE PRIVACIDAD\u00a0 En cumplimiento del REGLAMENTO (UE) 2016\/679 DEL PARLAMENTO EUROPEO Y DEL CONSEJO de 27 de Abril de 2016, relativo a la protecci\u00f3n de las personas f\u00edsicas en lo que respecta al tratamiento de datos personales y a la libre circulaci\u00f3n de estos datos y a Ley Org\u00e1nica 3\/2018, de 5 [&hellip;]<\/p>\n","protected":false},"author":1,"featured_media":0,"parent":0,"menu_order":0,"comment_status":"closed","ping_status":"closed","template":"","meta":{"_acf_changed":false,"_et_pb_use_builder":"on","_et_pb_old_content":"","_et_gb_content_width":"","inline_featured_image":false,"footnotes":""},"class_list":["post-2037","page","type-page","status-publish","hentry"],"acf":[],"yoast_head":"<!-- This site is optimized with the Yoast SEO plugin v27.5 - https:\/\/yoast.com\/product\/yoast-seo-wordpress\/ -->\n<title>Pol\u00edtica de Privacidad - Admixtio<\/title>\n<meta name=\"robots\" content=\"index, follow, max-snippet:-1, max-image-preview:large, max-video-preview:-1\" \/>\n<link rel=\"canonical\" href=\"https:\/\/admixtio.com\/politica-de-privacidad\/\" \/>\n<meta property=\"og:locale\" content=\"en_US\" \/>\n<meta property=\"og:type\" content=\"article\" \/>\n<meta property=\"og:title\" content=\"Pol\u00edtica de Privacidad - Admixtio\" \/>\n<meta property=\"og:description\" content=\"Pol\u00edtica de PrivacidadPOL\u00cdTICA DE PRIVACIDAD\u00a0 En cumplimiento del REGLAMENTO (UE) 2016\/679 DEL PARLAMENTO EUROPEO Y DEL CONSEJO de 27 de Abril de 2016, relativo a la protecci\u00f3n de las personas f\u00edsicas en lo que respecta al tratamiento de datos personales y a la libre circulaci\u00f3n de estos datos y a Ley Org\u00e1nica 3\/2018, de 5 [&hellip;]\" \/>\n<meta property=\"og:url\" content=\"https:\/\/admixtio.com\/politica-de-privacidad\/\" \/>\n<meta property=\"og:site_name\" content=\"Admixtio\" \/>\n<meta property=\"article:modified_time\" content=\"2025-06-08T15:55:23+00:00\" \/>\n<meta name=\"twitter:card\" content=\"summary_large_image\" \/>\n<meta name=\"twitter:label1\" content=\"Est. reading time\" \/>\n\t<meta name=\"twitter:data1\" content=\"7 minutes\" \/>\n<script type=\"application\/ld+json\" class=\"yoast-schema-graph\">{\"@context\":\"https:\\\/\\\/schema.org\",\"@graph\":[{\"@type\":\"WebPage\",\"@id\":\"https:\\\/\\\/admixtio.com\\\/politica-de-privacidad\\\/\",\"url\":\"https:\\\/\\\/admixtio.com\\\/politica-de-privacidad\\\/\",\"name\":\"Pol\u00edtica de Privacidad - Admixtio\",\"isPartOf\":{\"@id\":\"https:\\\/\\\/admixtio.com\\\/#website\"},\"datePublished\":\"2024-12-12T20:16:20+00:00\",\"dateModified\":\"2025-06-08T15:55:23+00:00\",\"breadcrumb\":{\"@id\":\"https:\\\/\\\/admixtio.com\\\/politica-de-privacidad\\\/#breadcrumb\"},\"inLanguage\":\"en-US\",\"potentialAction\":[{\"@type\":\"ReadAction\",\"target\":[\"https:\\\/\\\/admixtio.com\\\/politica-de-privacidad\\\/\"]}]},{\"@type\":\"BreadcrumbList\",\"@id\":\"https:\\\/\\\/admixtio.com\\\/politica-de-privacidad\\\/#breadcrumb\",\"itemListElement\":[{\"@type\":\"ListItem\",\"position\":1,\"name\":\"Portada\",\"item\":\"https:\\\/\\\/admixtio.com\\\/\"},{\"@type\":\"ListItem\",\"position\":2,\"name\":\"Pol\u00edtica de Privacidad\"}]},{\"@type\":\"WebSite\",\"@id\":\"https:\\\/\\\/admixtio.com\\\/#website\",\"url\":\"https:\\\/\\\/admixtio.com\\\/\",\"name\":\"Admixtio\",\"description\":\"La Consultor\u00eda de Ingredientes\",\"potentialAction\":[{\"@type\":\"SearchAction\",\"target\":{\"@type\":\"EntryPoint\",\"urlTemplate\":\"https:\\\/\\\/admixtio.com\\\/?s={search_term_string}\"},\"query-input\":{\"@type\":\"PropertyValueSpecification\",\"valueRequired\":true,\"valueName\":\"search_term_string\"}}],\"inLanguage\":\"en-US\"}]}<\/script>\n<!-- \/ Yoast SEO plugin. -->","yoast_head_json":{"title":"Pol\u00edtica de Privacidad - Admixtio","robots":{"index":"index","follow":"follow","max-snippet":"max-snippet:-1","max-image-preview":"max-image-preview:large","max-video-preview":"max-video-preview:-1"},"canonical":"https:\/\/admixtio.com\/politica-de-privacidad\/","og_locale":"en_US","og_type":"article","og_title":"Pol\u00edtica de Privacidad - Admixtio","og_description":"Pol\u00edtica de PrivacidadPOL\u00cdTICA DE PRIVACIDAD\u00a0 En cumplimiento del REGLAMENTO (UE) 2016\/679 DEL PARLAMENTO EUROPEO Y DEL CONSEJO de 27 de Abril de 2016, relativo a la protecci\u00f3n de las personas f\u00edsicas en lo que respecta al tratamiento de datos personales y a la libre circulaci\u00f3n de estos datos y a Ley Org\u00e1nica 3\/2018, de 5 [&hellip;]","og_url":"https:\/\/admixtio.com\/politica-de-privacidad\/","og_site_name":"Admixtio","article_modified_time":"2025-06-08T15:55:23+00:00","twitter_card":"summary_large_image","twitter_misc":{"Est. reading time":"7 minutes"},"schema":{"@context":"https:\/\/schema.org","@graph":[{"@type":"WebPage","@id":"https:\/\/admixtio.com\/politica-de-privacidad\/","url":"https:\/\/admixtio.com\/politica-de-privacidad\/","name":"Pol\u00edtica de Privacidad - Admixtio","isPartOf":{"@id":"https:\/\/admixtio.com\/#website"},"datePublished":"2024-12-12T20:16:20+00:00","dateModified":"2025-06-08T15:55:23+00:00","breadcrumb":{"@id":"https:\/\/admixtio.com\/politica-de-privacidad\/#breadcrumb"},"inLanguage":"en-US","potentialAction":[{"@type":"ReadAction","target":["https:\/\/admixtio.com\/politica-de-privacidad\/"]}]},{"@type":"BreadcrumbList","@id":"https:\/\/admixtio.com\/politica-de-privacidad\/#breadcrumb","itemListElement":[{"@type":"ListItem","position":1,"name":"Portada","item":"https:\/\/admixtio.com\/"},{"@type":"ListItem","position":2,"name":"Pol\u00edtica de Privacidad"}]},{"@type":"WebSite","@id":"https:\/\/admixtio.com\/#website","url":"https:\/\/admixtio.com\/","name":"Admixtio","description":"La Consultor\u00eda de Ingredientes","potentialAction":[{"@type":"SearchAction","target":{"@type":"EntryPoint","urlTemplate":"https:\/\/admixtio.com\/?s={search_term_string}"},"query-input":{"@type":"PropertyValueSpecification","valueRequired":true,"valueName":"search_term_string"}}],"inLanguage":"en-US"}]}},"_links":{"self":[{"href":"https:\/\/admixtio.com\/en\/wp-json\/wp\/v2\/pages\/2037","targetHints":{"allow":["GET"]}}],"collection":[{"href":"https:\/\/admixtio.com\/en\/wp-json\/wp\/v2\/pages"}],"about":[{"href":"https:\/\/admixtio.com\/en\/wp-json\/wp\/v2\/types\/page"}],"author":[{"embeddable":true,"href":"https:\/\/admixtio.com\/en\/wp-json\/wp\/v2\/users\/1"}],"replies":[{"embeddable":true,"href":"https:\/\/admixtio.com\/en\/wp-json\/wp\/v2\/comments?post=2037"}],"version-history":[{"count":4,"href":"https:\/\/admixtio.com\/en\/wp-json\/wp\/v2\/pages\/2037\/revisions"}],"predecessor-version":[{"id":2041,"href":"https:\/\/admixtio.com\/en\/wp-json\/wp\/v2\/pages\/2037\/revisions\/2041"}],"wp:attachment":[{"href":"https:\/\/admixtio.com\/en\/wp-json\/wp\/v2\/media?parent=2037"}],"curies":[{"name":"wp","href":"https:\/\/api.w.org\/{rel}","templated":true}]}}