{"id":487,"date":"2024-12-12T21:15:32","date_gmt":"2024-12-12T20:15:32","guid":{"rendered":"https:\/\/admixtio.welovewebs.dev\/?page_id=487"},"modified":"2025-02-03T15:43:14","modified_gmt":"2025-02-03T14:43:14","slug":"aviso-legal","status":"publish","type":"page","link":"https:\/\/admixtio.com\/en\/aviso-legal\/","title":{"rendered":"Aviso Legal"},"content":{"rendered":"<p>[et_pb_section fb_built=&#8221;1&#8243; _builder_version=&#8221;4.27.4&#8243; _module_preset=&#8221;default&#8221; background_enable_color=&#8221;off&#8221; background_enable_image=&#8221;off&#8221; background_position=&#8221;bottom_center&#8221; custom_padding=&#8221;100px||||false|false&#8221; locked=&#8221;off&#8221; global_colors_info=&#8221;{}&#8221;][et_pb_row make_equal=&#8221;on&#8221; custom_padding_last_edited=&#8221;on|tablet&#8221; _builder_version=&#8221;4.27.4&#8243; _module_preset=&#8221;default&#8221; background_enable_color=&#8221;off&#8221; width=&#8221;90%&#8221; custom_padding=&#8221;80px|60px|0px|60px|false|true&#8221; custom_padding_tablet=&#8221;80px|0px|0px|0px|false|true&#8221; custom_padding_phone=&#8221;80px|0px|0px|0px|false|true&#8221; locked=&#8221;off&#8221; global_colors_info=&#8221;{}&#8221;][et_pb_column type=&#8221;4_4&#8243; _builder_version=&#8221;4.27.4&#8243; _module_preset=&#8221;default&#8221; custom_padding=&#8221;||||false|false&#8221; custom_css_main_element=&#8221;margin: auto;&#8221; global_colors_info=&#8221;{}&#8221;][et_pb_text _builder_version=&#8221;4.27.4&#8243; _module_preset=&#8221;default&#8221; text_text_color=&#8221;#0A0A0A&#8221; text_font_size=&#8221;24px&#8221; header_font=&#8221;|700|||||||&#8221; header_text_color=&#8221;#3B5752&#8243; header_font_size=&#8221;60px&#8221; header_line_height=&#8221;1.2em&#8221; header_2_font=&#8221;|700|||||||&#8221; header_2_text_color=&#8221;#3B5752&#8243; header_2_font_size=&#8221;70px&#8221; header_font_size_tablet=&#8221;40px&#8221; header_font_size_phone=&#8221;30px&#8221; header_font_size_last_edited=&#8221;on|phone&#8221; global_colors_info=&#8221;{}&#8221;]<\/p>\n<h1>Aviso legal<\/h1>\n<p>[\/et_pb_text][\/et_pb_column][\/et_pb_row][et_pb_row custom_padding_last_edited=&#8221;on|tablet&#8221; _builder_version=&#8221;4.27.4&#8243; _module_preset=&#8221;default&#8221; width=&#8221;90%&#8221; custom_padding=&#8221;|60px||60px|false|true&#8221; custom_padding_tablet=&#8221;|0px||0px|false|true&#8221; custom_padding_phone=&#8221;|0px||0px|false|true&#8221; locked=&#8221;off&#8221; global_colors_info=&#8221;{}&#8221;][et_pb_column type=&#8221;4_4&#8243; _builder_version=&#8221;4.27.4&#8243; _module_preset=&#8221;default&#8221; global_colors_info=&#8221;{}&#8221;][et_pb_text _builder_version=&#8221;4.27.4&#8243; _module_preset=&#8221;default&#8221; text_font_size=&#8221;18px&#8221; hover_enabled=&#8221;0&#8243; global_colors_info=&#8221;{}&#8221; sticky_enabled=&#8221;0&#8243;]<\/p>\n<h2><strong>Identificaci\u00f3n\u00a0<\/strong><\/h2>\n<p>En cumplimiento con el deber de informaci\u00f3n recogido en art\u00edculo 10 de la Ley 34\/2002, de 11 de julio, de Servicios de la Sociedad de la Informaci\u00f3n y del Comercio Electr\u00f3nico, ADMIXTIO, le informa que los datos aqu\u00ed consignados corresponden a la entidad titular del sitio web jornadasanuales.ced.org.es\/.<\/p>\n<p><strong>Denominaci\u00f3n<\/strong>: ADMIXTIO \u2013 Mar\u00eda Minguet Bonveh\u00ed<\/p>\n<p><strong>Domicilio<\/strong>: C\/ Sant Hip\u00f2lit 5 \u2013 17400 Breda<\/p>\n<p><strong>Tel\u00e9fono<\/strong>: 682012660<\/p>\n<p><strong>Email<\/strong>: info@admixtio.com<\/p>\n<p><strong>\u00a0<\/strong><\/p>\n<h2><strong>Propiedad intelectual e industrial\u00a0<\/strong><\/h2>\n<p>Todos los derechos de Propiedad Industrial e Intelectual de la totalidad de elementos contenidos en este sitio web, incluidas las marcas comerciales, formatos, dise\u00f1os gr\u00e1ficos, textos, im\u00e1genes y documentos, pertenecen a ADMIXTIO y se encuentran protegidos por las leyes espa\u00f1olas e internacionales sobre propiedad Intelectual e Industrial. Queda expresamente prohibida la reproducci\u00f3n total o parcial de este sitio Web y de cualquiera de sus contenidos sin el permiso expreso y por escrito de ADMIXTIO.<\/p>\n<p>El acceso al sitio web no implica ning\u00fan tipo de renuncia, transmisi\u00f3n, licencia o cesi\u00f3n de dichos derechos por parte de ADMIXTIO, salvo que se establezca expresamente lo contrario.<\/p>\n<h2><strong>Condiciones de uso\u00a0<\/strong><\/h2>\n<p>El acceso a este sitio Web implica la aceptaci\u00f3n de estas condiciones de uso sin reservas que regulan el acceso y la utilizaci\u00f3n del mismo con el fin de poner a disposici\u00f3n de los usuarios informaci\u00f3n sobre nuestros productos.<\/p>\n<p>Se proh\u00edbe expresamente la utilizaci\u00f3n de los contenidos de este sitio Web para su utilizaci\u00f3n con fines comerciales o para su distribuci\u00f3n, transformaci\u00f3n o comunicaci\u00f3n. ADMIXTIO no responder\u00e1 de ninguna consecuencia, da\u00f1o o perjuicio que pudieran derivarse de dicha utilizaci\u00f3n o uso de la informaci\u00f3n.<\/p>\n<p>Tanto el acceso a esta Web como el uso que pueda hacerse de la informaci\u00f3n contenida en la misma es de la exclusiva responsabilidad de quien lo realiza.<\/p>\n<p>El usuario se obliga a no utilizar la informaci\u00f3n que se publica en esta Web con fines o efectos il\u00edcitos o lesivos, a no da\u00f1ar o inutilizar la informaci\u00f3n y a no realizar cualquier otra acci\u00f3n que puedan ser contraria al contenido de este Aviso Legal.<\/p>\n<p>ADMIXTIO no puede asegurar la inexistencia de interrupciones o errores en el acceso a este sitio Web, aunque pondr\u00e1 sus mayores esfuerzos para evitarlos.<\/p>\n<h2><strong>Enlaces a otras webs\u00a0<\/strong><\/h2>\n<p>Los enlaces (links) que puede encontrar en esta Web son un servicio a los usuarios. Estas p\u00e1ginas no son operadas ni controladas por ADMIXTIO, por ello, no se hace responsable de los contenidos de esos sitios Web ni est\u00e1n cubiertas por el presente Aviso Legal. Si accede a estas p\u00e1ginas Webs deber\u00e1 tener en cuenta que sus pol\u00edticas de privacidad pueden ser diferentes a la nuestra.<\/p>\n<h2><strong>Legislaci\u00f3n aplicable y competencia jurisdiccional\u00a0<\/strong><\/h2>\n<p>El presente Aviso Legal se rige por la normativa espa\u00f1ola vigente que le es de aplicaci\u00f3n.<\/p>\n<p>Para la resoluci\u00f3n de las controversias que pudieran derivarse como consecuencia de lo dispuesto en las presentes disposiciones y sobre su interpretaci\u00f3n, aplicaci\u00f3n y cumplimiento, las partes se someten al fuero correspondiente al domicilio del usuario.<\/p>\n<p>[\/et_pb_text][\/et_pb_column][\/et_pb_row][\/et_pb_section]<\/p>\n","protected":false},"excerpt":{"rendered":"<p>Aviso legalIdentificaci\u00f3n\u00a0 En cumplimiento con el deber de informaci\u00f3n recogido en art\u00edculo 10 de la Ley 34\/2002, de 11 de julio, de Servicios de la Sociedad de la Informaci\u00f3n y del Comercio Electr\u00f3nico, ADMIXTIO, le informa que los datos aqu\u00ed consignados corresponden a la entidad titular del sitio web jornadasanuales.ced.org.es\/. Denominaci\u00f3n: ADMIXTIO \u2013 Mar\u00eda Minguet [&hellip;]<\/p>\n","protected":false},"author":1,"featured_media":0,"parent":0,"menu_order":0,"comment_status":"closed","ping_status":"closed","template":"","meta":{"_acf_changed":false,"_et_pb_use_builder":"on","_et_pb_old_content":"","_et_gb_content_width":"","inline_featured_image":false,"footnotes":""},"class_list":["post-487","page","type-page","status-publish","hentry"],"acf":[],"yoast_head":"<!-- This site is optimized with the Yoast SEO plugin v27.5 - https:\/\/yoast.com\/product\/yoast-seo-wordpress\/ -->\n<title>Aviso Legal - Admixtio<\/title>\n<meta name=\"robots\" content=\"index, follow, max-snippet:-1, max-image-preview:large, max-video-preview:-1\" \/>\n<link rel=\"canonical\" href=\"https:\/\/admixtio.com\/aviso-legal\/\" \/>\n<meta property=\"og:locale\" content=\"en_US\" \/>\n<meta property=\"og:type\" content=\"article\" \/>\n<meta property=\"og:title\" content=\"Aviso Legal - Admixtio\" \/>\n<meta property=\"og:description\" content=\"Aviso legalIdentificaci\u00f3n\u00a0 En cumplimiento con el deber de informaci\u00f3n recogido en art\u00edculo 10 de la Ley 34\/2002, de 11 de julio, de Servicios de la Sociedad de la Informaci\u00f3n y del Comercio Electr\u00f3nico, ADMIXTIO, le informa que los datos aqu\u00ed consignados corresponden a la entidad titular del sitio web jornadasanuales.ced.org.es\/. Denominaci\u00f3n: ADMIXTIO \u2013 Mar\u00eda Minguet [&hellip;]\" \/>\n<meta property=\"og:url\" content=\"https:\/\/admixtio.com\/aviso-legal\/\" \/>\n<meta property=\"og:site_name\" content=\"Admixtio\" \/>\n<meta property=\"article:modified_time\" content=\"2025-02-03T14:43:14+00:00\" \/>\n<meta name=\"twitter:card\" content=\"summary_large_image\" \/>\n<script type=\"application\/ld+json\" class=\"yoast-schema-graph\">{\"@context\":\"https:\\\/\\\/schema.org\",\"@graph\":[{\"@type\":\"WebPage\",\"@id\":\"https:\\\/\\\/admixtio.com\\\/aviso-legal\\\/\",\"url\":\"https:\\\/\\\/admixtio.com\\\/aviso-legal\\\/\",\"name\":\"Aviso Legal - Admixtio\",\"isPartOf\":{\"@id\":\"https:\\\/\\\/admixtio.com\\\/#website\"},\"datePublished\":\"2024-12-12T20:15:32+00:00\",\"dateModified\":\"2025-02-03T14:43:14+00:00\",\"breadcrumb\":{\"@id\":\"https:\\\/\\\/admixtio.com\\\/aviso-legal\\\/#breadcrumb\"},\"inLanguage\":\"en-US\",\"potentialAction\":[{\"@type\":\"ReadAction\",\"target\":[\"https:\\\/\\\/admixtio.com\\\/aviso-legal\\\/\"]}]},{\"@type\":\"BreadcrumbList\",\"@id\":\"https:\\\/\\\/admixtio.com\\\/aviso-legal\\\/#breadcrumb\",\"itemListElement\":[{\"@type\":\"ListItem\",\"position\":1,\"name\":\"Portada\",\"item\":\"https:\\\/\\\/admixtio.com\\\/\"},{\"@type\":\"ListItem\",\"position\":2,\"name\":\"Aviso Legal\"}]},{\"@type\":\"WebSite\",\"@id\":\"https:\\\/\\\/admixtio.com\\\/#website\",\"url\":\"https:\\\/\\\/admixtio.com\\\/\",\"name\":\"Admixtio\",\"description\":\"La Consultor\u00eda de Ingredientes\",\"potentialAction\":[{\"@type\":\"SearchAction\",\"target\":{\"@type\":\"EntryPoint\",\"urlTemplate\":\"https:\\\/\\\/admixtio.com\\\/?s={search_term_string}\"},\"query-input\":{\"@type\":\"PropertyValueSpecification\",\"valueRequired\":true,\"valueName\":\"search_term_string\"}}],\"inLanguage\":\"en-US\"}]}<\/script>\n<!-- \/ Yoast SEO plugin. -->","yoast_head_json":{"title":"Aviso Legal - Admixtio","robots":{"index":"index","follow":"follow","max-snippet":"max-snippet:-1","max-image-preview":"max-image-preview:large","max-video-preview":"max-video-preview:-1"},"canonical":"https:\/\/admixtio.com\/aviso-legal\/","og_locale":"en_US","og_type":"article","og_title":"Aviso Legal - Admixtio","og_description":"Aviso legalIdentificaci\u00f3n\u00a0 En cumplimiento con el deber de informaci\u00f3n recogido en art\u00edculo 10 de la Ley 34\/2002, de 11 de julio, de Servicios de la Sociedad de la Informaci\u00f3n y del Comercio Electr\u00f3nico, ADMIXTIO, le informa que los datos aqu\u00ed consignados corresponden a la entidad titular del sitio web jornadasanuales.ced.org.es\/. Denominaci\u00f3n: ADMIXTIO \u2013 Mar\u00eda Minguet [&hellip;]","og_url":"https:\/\/admixtio.com\/aviso-legal\/","og_site_name":"Admixtio","article_modified_time":"2025-02-03T14:43:14+00:00","twitter_card":"summary_large_image","schema":{"@context":"https:\/\/schema.org","@graph":[{"@type":"WebPage","@id":"https:\/\/admixtio.com\/aviso-legal\/","url":"https:\/\/admixtio.com\/aviso-legal\/","name":"Aviso Legal - Admixtio","isPartOf":{"@id":"https:\/\/admixtio.com\/#website"},"datePublished":"2024-12-12T20:15:32+00:00","dateModified":"2025-02-03T14:43:14+00:00","breadcrumb":{"@id":"https:\/\/admixtio.com\/aviso-legal\/#breadcrumb"},"inLanguage":"en-US","potentialAction":[{"@type":"ReadAction","target":["https:\/\/admixtio.com\/aviso-legal\/"]}]},{"@type":"BreadcrumbList","@id":"https:\/\/admixtio.com\/aviso-legal\/#breadcrumb","itemListElement":[{"@type":"ListItem","position":1,"name":"Portada","item":"https:\/\/admixtio.com\/"},{"@type":"ListItem","position":2,"name":"Aviso Legal"}]},{"@type":"WebSite","@id":"https:\/\/admixtio.com\/#website","url":"https:\/\/admixtio.com\/","name":"Admixtio","description":"La Consultor\u00eda de Ingredientes","potentialAction":[{"@type":"SearchAction","target":{"@type":"EntryPoint","urlTemplate":"https:\/\/admixtio.com\/?s={search_term_string}"},"query-input":{"@type":"PropertyValueSpecification","valueRequired":true,"valueName":"search_term_string"}}],"inLanguage":"en-US"}]}},"_links":{"self":[{"href":"https:\/\/admixtio.com\/en\/wp-json\/wp\/v2\/pages\/487","targetHints":{"allow":["GET"]}}],"collection":[{"href":"https:\/\/admixtio.com\/en\/wp-json\/wp\/v2\/pages"}],"about":[{"href":"https:\/\/admixtio.com\/en\/wp-json\/wp\/v2\/types\/page"}],"author":[{"embeddable":true,"href":"https:\/\/admixtio.com\/en\/wp-json\/wp\/v2\/users\/1"}],"replies":[{"embeddable":true,"href":"https:\/\/admixtio.com\/en\/wp-json\/wp\/v2\/comments?post=487"}],"version-history":[{"count":5,"href":"https:\/\/admixtio.com\/en\/wp-json\/wp\/v2\/pages\/487\/revisions"}],"predecessor-version":[{"id":1174,"href":"https:\/\/admixtio.com\/en\/wp-json\/wp\/v2\/pages\/487\/revisions\/1174"}],"wp:attachment":[{"href":"https:\/\/admixtio.com\/en\/wp-json\/wp\/v2\/media?parent=487"}],"curies":[{"name":"wp","href":"https:\/\/api.w.org\/{rel}","templated":true}]}}